{"id":315,"date":"2019-03-08T20:06:35","date_gmt":"2019-03-08T23:06:35","guid":{"rendered":"http:\/\/sindipetrolp.org.br\/memoria\/?page_id=315"},"modified":"2021-12-19T21:24:17","modified_gmt":"2021-12-20T00:24:17","slug":"documentario","status":"publish","type":"page","link":"https:\/\/sindipetrolp.org.br\/memoria\/documentario\/","title":{"rendered":"Document\u00e1rio: Tudo ou nada"},"content":{"rendered":"\t\t<div data-elementor-type=\"wp-post\" data-elementor-id=\"315\" class=\"elementor elementor-315\" data-elementor-settings=\"[]\">\n\t\t\t\t\t\t<div class=\"elementor-inner\">\n\t\t\t\t\t\t\t<div class=\"elementor-section-wrap\">\n\t\t\t\t\t\t\t<section class=\"elementor-section elementor-top-section elementor-element elementor-element-4ae8712 elementor-section-boxed elementor-section-height-default elementor-section-height-default\" data-id=\"4ae8712\" data-element_type=\"section\">\n\t\t\t\t\t\t<div class=\"elementor-container elementor-column-gap-default\">\n\t\t\t\t\t\t\t<div class=\"elementor-row\">\n\t\t\t\t\t<div class=\"elementor-column elementor-col-100 elementor-top-column elementor-element elementor-element-74eb212\" data-id=\"74eb212\" data-element_type=\"column\">\n\t\t\t<div class=\"elementor-column-wrap elementor-element-populated\">\n\t\t\t\t\t\t\t<div class=\"elementor-widget-wrap\">\n\t\t\t\t\t\t<div class=\"elementor-element elementor-element-00779c7 elementor-aspect-ratio-169 elementor-widget elementor-widget-video\" data-id=\"00779c7\" data-element_type=\"widget\" data-settings=\"{&quot;youtube_url&quot;:&quot;https:\\\/\\\/www.youtube.com\\\/watch?v=jiHVx1FaNsQ&quot;,&quot;video_type&quot;:&quot;youtube&quot;,&quot;controls&quot;:&quot;yes&quot;,&quot;aspect_ratio&quot;:&quot;169&quot;}\" data-widget_type=\"video.default\">\n\t\t\t\t<div class=\"elementor-widget-container\">\n\t\t\t\t\t<div class=\"elementor-wrapper elementor-fit-aspect-ratio elementor-open-inline\">\n\t\t\t<div class=\"elementor-video\"><\/div>\t\t<\/div>\n\t\t\t\t<\/div>\n\t\t\t\t<\/div>\n\t\t\t\t\t\t<\/div>\n\t\t\t\t\t<\/div>\n\t\t<\/div>\n\t\t\t\t\t\t\t\t<\/div>\n\t\t\t\t\t<\/div>\n\t\t<\/section>\n\t\t\t\t<section class=\"elementor-section elementor-top-section elementor-element elementor-element-28fdebc elementor-section-boxed elementor-section-height-default elementor-section-height-default\" data-id=\"28fdebc\" data-element_type=\"section\">\n\t\t\t\t\t\t<div class=\"elementor-container elementor-column-gap-wider\">\n\t\t\t\t\t\t\t<div class=\"elementor-row\">\n\t\t\t\t\t<div class=\"elementor-column elementor-col-50 elementor-top-column elementor-element elementor-element-c853fa0\" data-id=\"c853fa0\" data-element_type=\"column\">\n\t\t\t<div class=\"elementor-column-wrap elementor-element-populated\">\n\t\t\t\t\t\t\t<div class=\"elementor-widget-wrap\">\n\t\t\t\t\t\t<div class=\"elementor-element elementor-element-7958e4a elementor-widget elementor-widget-text-editor\" data-id=\"7958e4a\" data-element_type=\"widget\" data-widget_type=\"text-editor.default\">\n\t\t\t\t<div class=\"elementor-widget-container\">\n\t\t\t\t\t\t\t\t<div class=\"elementor-text-editor elementor-clearfix\">\n\t\t\t\t<section><p><b style=\"font-size: 16.0016px;\">REALIZA\u00c7\u00c3O<br \/><\/b>Sindipetro-LP<\/p><\/section><p><b>PRODU\u00c7\u00c3O<br \/><\/b>Garapa<\/p><p><b>DIRE\u00c7\u00c3O<br \/><\/b>Ruy Sposati e Renato Santana<\/p><p><b>PRODU\u00c7\u00c3O EXECUTIVA<br \/><\/b>Leandro Olimpio<\/p><p><b>MONTAGEM<br \/><\/b>Ruy Sposati<\/p><p><b>ROTEIRO<br \/><\/b>Renato Santana<\/p><p><b>IMAGENS<br \/><\/b>Rodrigo Marcondes<\/p><p><b>SOM DIRETO<br \/><\/b>Ana Maria Santana<\/p><p><b>ANIMA\u00c7\u00d5ES E FINALIZA\u00c7\u00c3O<br \/><\/b>Paulo Fehlauer<\/p><p><b>TRILHA SONORA E SONORIZA\u00c7\u00c3O<br \/><\/b>Alexis Gotsis<\/p><p><b>NARRA\u00c7\u00c3O<br \/><\/b>Marina Ribeiro<\/p><p><b>FOTOS E REGISTROS AUDIOVISUAIS<br \/><\/b>Arquivo Sindipetro-LP\/FNP<\/p><p><b>IMAGENS ADICIONAIS<br \/><\/b>Leandro Olimpio<br \/>Luna\u00e9 Parracho<br \/>Phil Clarke-Hill<br \/>Ruy Sposati<br \/>TV C\u00e2mara<br \/>TV NBR<br \/>TV PUC<\/p>\t\t\t\t\t<\/div>\n\t\t\t\t\t\t<\/div>\n\t\t\t\t<\/div>\n\t\t\t\t\t\t<\/div>\n\t\t\t\t\t<\/div>\n\t\t<\/div>\n\t\t\t\t<div class=\"elementor-column elementor-col-50 elementor-top-column elementor-element elementor-element-0456d16\" data-id=\"0456d16\" data-element_type=\"column\">\n\t\t\t<div class=\"elementor-column-wrap elementor-element-populated\">\n\t\t\t\t\t\t\t<div class=\"elementor-widget-wrap\">\n\t\t\t\t\t\t<div class=\"elementor-element elementor-element-30e2364 elementor-widget elementor-widget-text-editor\" data-id=\"30e2364\" data-element_type=\"widget\" data-widget_type=\"text-editor.default\">\n\t\t\t\t<div class=\"elementor-widget-container\">\n\t\t\t\t\t\t\t\t<div class=\"elementor-text-editor elementor-clearfix\">\n\t\t\t\t<p><b style=\"font-size: 16.0016px;\">ENTREVISTADOS (POR ORDEM DE APARI\u00c7\u00c3O)<\/b><\/p><p><b>Nat\u00e1lia Russo<br \/><\/b>T\u00e9cnica administrativa do Edisen (RJ)<\/p><p><b>F\u00e1bio Mello<br \/><\/b>T\u00e9cnico de opera\u00e7\u00e3o da UTE Euz\u00e9bio Rocha<\/p><p><b>Fabiola Calefi<br \/><\/b>T\u00e9cnica ambiental da UTE Euz\u00e9bio Rocha<\/p><p><b>Adaedson Costa<br \/><\/b>T\u00e9cnico de opera\u00e7\u00e3o da RPBC<\/p><p><b>Averaldo Menezes<br \/><\/b>Atualmente, \u00e9 t\u00e9cnico de manuten\u00e7\u00e3o em plataformas da Bacia de Campos<\/p><p><b>Vicente Mendon\u00e7a de Lima (Vicent\u00e3o)<br \/><\/b>Petroleiro aposentado. Foi oficial de manuten\u00e7\u00e3o complementar da RPBC<\/p><p><b>Telma de Souza<br \/><\/b>Vereadora pelo PT em Santos<\/p><p><b>Marcelo Juvenal Vasco<br \/><\/b>T\u00e9cnico de opera\u00e7\u00e3o da RPBC<\/p><p><b>Edson Satoshi Yamagawa<br \/><\/b>T\u00e9cnico de opera\u00e7\u00e3o da RPBC<\/p><p><b>Wilson Roberto Gomes<br \/><\/b>Aposentado. Foi t\u00e9cnico de seguran\u00e7a do Tebar<\/p><p><b>Douglas Alberto Braga<br \/><\/b>Aposentado. Foi t\u00e9cnico de opera\u00e7\u00e3o do Tebar<\/p><p><b>Raquel Sousa<br \/><\/b>Advogada da FNP e do Sindipetro Alagoas\/Sergipe<\/p><p><b>Luiz Leite Santana (Zangado)<br \/><\/b>Aposentado. Foi t\u00e9cnico de contabilidade do Tebar<\/p><p><b>Rivaldo Ramos<br \/><\/b>Aposentado. Foi t\u00e9cnico de opera\u00e7\u00e3o da RPBC<\/p><p><b>Mauro Cunha<br \/><\/b>Anistiado. Foi eletricista da RPBC<\/p>\t\t\t\t\t<\/div>\n\t\t\t\t\t\t<\/div>\n\t\t\t\t<\/div>\n\t\t\t\t\t\t<\/div>\n\t\t\t\t\t<\/div>\n\t\t<\/div>\n\t\t\t\t\t\t\t\t<\/div>\n\t\t\t\t\t<\/div>\n\t\t<\/section>\n\t\t\t\t\t\t<\/div>\n\t\t\t\t\t\t<\/div>\n\t\t\t\t\t<\/div>\n\t\t","protected":false},"excerpt":{"rendered":"<p>https:\/\/www.youtube.com\/watch?v=jiHVx1FaNsQ REALIZA\u00c7\u00c3OSindipetro-LP PRODU\u00c7\u00c3OGarapa DIRE\u00c7\u00c3ORuy Sposati e Renato Santana PRODU\u00c7\u00c3O EXECUTIVALeandro Olimpio MONTAGEMRuy Sposati ROTEIRORenato Santana IMAGENSRodrigo Marcondes SOM DIRETOAna Maria Santana ANIMA\u00c7\u00d5ES E FINALIZA\u00c7\u00c3OPaulo Fehlauer TRILHA SONORA E SONORIZA\u00c7\u00c3OAlexis Gotsis NARRA\u00c7\u00c3OMarina Ribeiro FOTOS E REGISTROS AUDIOVISUAISArquivo Sindipetro-LP\/FNP IMAGENS ADICIONAISLeandro OlimpioLuna\u00e9 ParrachoPhil Clarke-HillRuy SposatiTV C\u00e2maraTV NBRTV PUC ENTREVISTADOS (POR ORDEM DE APARI\u00c7\u00c3O) Nat\u00e1lia RussoT\u00e9cnica administrativa do [&hellip;]<\/p>\n","protected":false},"author":1,"featured_media":907,"parent":0,"menu_order":0,"comment_status":"closed","ping_status":"closed","template":"elementor_theme","meta":[],"acf":[],"_links":{"self":[{"href":"https:\/\/sindipetrolp.org.br\/memoria\/wp-json\/wp\/v2\/pages\/315"}],"collection":[{"href":"https:\/\/sindipetrolp.org.br\/memoria\/wp-json\/wp\/v2\/pages"}],"about":[{"href":"https:\/\/sindipetrolp.org.br\/memoria\/wp-json\/wp\/v2\/types\/page"}],"author":[{"embeddable":true,"href":"https:\/\/sindipetrolp.org.br\/memoria\/wp-json\/wp\/v2\/users\/1"}],"replies":[{"embeddable":true,"href":"https:\/\/sindipetrolp.org.br\/memoria\/wp-json\/wp\/v2\/comments?post=315"}],"version-history":[{"count":20,"href":"https:\/\/sindipetrolp.org.br\/memoria\/wp-json\/wp\/v2\/pages\/315\/revisions"}],"predecessor-version":[{"id":1238,"href":"https:\/\/sindipetrolp.org.br\/memoria\/wp-json\/wp\/v2\/pages\/315\/revisions\/1238"}],"wp:featuredmedia":[{"embeddable":true,"href":"https:\/\/sindipetrolp.org.br\/memoria\/wp-json\/wp\/v2\/media\/907"}],"wp:attachment":[{"href":"https:\/\/sindipetrolp.org.br\/memoria\/wp-json\/wp\/v2\/media?parent=315"}],"curies":[{"name":"wp","href":"https:\/\/api.w.org\/{rel}","templated":true}]}}