{"id":202,"date":"2019-01-21T16:03:38","date_gmt":"2019-01-21T19:03:38","guid":{"rendered":"http:\/\/sindipetrolp.org.br\/memoria\/?page_id=202"},"modified":"2021-12-19T21:31:33","modified_gmt":"2021-12-20T00:31:33","slug":"depoimentos","status":"publish","type":"page","link":"https:\/\/sindipetrolp.org.br\/memoria\/depoimentos\/","title":{"rendered":"DEPOIMENTOS"},"content":{"rendered":"\t\t<div data-elementor-type=\"wp-post\" data-elementor-id=\"202\" class=\"elementor elementor-202\" data-elementor-settings=\"[]\">\n\t\t\t\t\t\t<div class=\"elementor-inner\">\n\t\t\t\t\t\t\t<div class=\"elementor-section-wrap\">\n\t\t\t\t\t\t\t<section class=\"elementor-section elementor-top-section elementor-element elementor-element-dc5e127 elementor-section-full_width elementor-section-height-default elementor-section-height-default\" data-id=\"dc5e127\" data-element_type=\"section\" data-settings=\"{&quot;background_background&quot;:&quot;classic&quot;}\">\n\t\t\t\t\t\t<div class=\"elementor-container elementor-column-gap-no\">\n\t\t\t\t\t\t\t<div class=\"elementor-row\">\n\t\t\t\t\t<div class=\"elementor-column elementor-col-100 elementor-top-column elementor-element elementor-element-f105976\" data-id=\"f105976\" data-element_type=\"column\">\n\t\t\t<div class=\"elementor-column-wrap elementor-element-populated\">\n\t\t\t\t\t\t\t<div class=\"elementor-widget-wrap\">\n\t\t\t\t\t\t<div class=\"elementor-element elementor-element-489fadf elementor-pagination-position-inside elementor-skin-carousel elementor-arrows-yes elementor-pagination-type-bullets elementor-widget elementor-widget-media-carousel\" data-id=\"489fadf\" data-element_type=\"widget\" data-settings=\"{&quot;space_between&quot;:{&quot;unit&quot;:&quot;px&quot;,&quot;size&quot;:4,&quot;sizes&quot;:[]},&quot;space_between_tablet&quot;:{&quot;unit&quot;:&quot;px&quot;,&quot;size&quot;:1,&quot;sizes&quot;:[]},&quot;space_between_mobile&quot;:{&quot;unit&quot;:&quot;px&quot;,&quot;size&quot;:0,&quot;sizes&quot;:[]},&quot;skin&quot;:&quot;carousel&quot;,&quot;effect&quot;:&quot;slide&quot;,&quot;show_arrows&quot;:&quot;yes&quot;,&quot;pagination&quot;:&quot;bullets&quot;,&quot;speed&quot;:500,&quot;autoplay&quot;:&quot;yes&quot;,&quot;autoplay_speed&quot;:5000,&quot;loop&quot;:&quot;yes&quot;,&quot;pause_on_hover&quot;:&quot;yes&quot;,&quot;pause_on_interaction&quot;:&quot;yes&quot;}\" data-widget_type=\"media-carousel.default\">\n\t\t\t\t<div class=\"elementor-widget-container\">\n\t\t\t\t\t<div class=\"elementor-swiper\">\n\t\t\t<div class=\"elementor-main-swiper swiper-container\">\n\t\t\t\t<div class=\"swiper-wrapper\">\n\t\t\t\t\t\t\t\t\t\t\t<div class=\"swiper-slide\">\n\t\t\t\t\t\t\t<a href=\"https:\/\/sindipetrolp.org.br\/memoria\/wp-content\/uploads\/2021\/12\/zangado.jpg\" data-elementor-open-lightbox=\"yes\" data-elementor-lightbox-slideshow=\"489fadf\" data-elementor-lightbox-title=\"&#039;Zangado&#039;, fundador do Sindicato no Tebar\" data-elementor-lightbox-video=\"https:\/\/www.youtube.com\/embed\/KNO92tCHxNk?feature=oembed&amp;autoplay=1&amp;rel=0&amp;controls=0\">\t\t<div class=\"elementor-carousel-image\" style=\"background-image: url(https:\/\/sindipetrolp.org.br\/memoria\/wp-content\/uploads\/2021\/12\/zangado.jpg)\">\n\t\t\t\t\t\t\t<div class=\"elementor-custom-embed-play\">\n\t\t\t\t\t<i aria-hidden=\"true\" class=\"eicon-play\"><\/i>\t\t\t\t\t<span class=\"elementor-screen-only\">Play<\/span>\n\t\t\t\t<\/div>\n\t\t\t\t\t<\/div>\n\t\t\t\t\t<div class=\"elementor-carousel-image-overlay e-overlay-animation-fade\">\n\t\t\t\t'Zangado', fundador do Sindicato no Tebar\t\t\t<\/div>\n\t\t\t<\/a>\t\t\t\t\t\t<\/div>\n\t\t\t\t\t\t\t\t\t\t\t<div class=\"swiper-slide\">\n\t\t\t\t\t\t\t<a href=\"https:\/\/sindipetrolp.org.br\/memoria\/wp-content\/uploads\/2021\/12\/ubirajara.jpg\" data-elementor-open-lightbox=\"yes\" data-elementor-lightbox-slideshow=\"489fadf\" data-elementor-lightbox-title=\"Ubirajara Franco, fundador do Sindipetro-LP preso pela ditadura\" data-elementor-lightbox-video=\"https:\/\/www.youtube.com\/embed\/s07YVkGm4nU?feature=oembed&amp;autoplay=1&amp;rel=0&amp;controls=0\">\t\t<div class=\"elementor-carousel-image\" style=\"background-image: url(https:\/\/sindipetrolp.org.br\/memoria\/wp-content\/uploads\/2021\/12\/ubirajara.jpg)\">\n\t\t\t\t\t\t\t<div class=\"elementor-custom-embed-play\">\n\t\t\t\t\t<i aria-hidden=\"true\" class=\"eicon-play\"><\/i>\t\t\t\t\t<span class=\"elementor-screen-only\">Play<\/span>\n\t\t\t\t<\/div>\n\t\t\t\t\t<\/div>\n\t\t\t\t\t<div class=\"elementor-carousel-image-overlay e-overlay-animation-fade\">\n\t\t\t\tUbirajara Franco, fundador do Sindipetro-LP preso pela ditadura\t\t\t<\/div>\n\t\t\t<\/a>\t\t\t\t\t\t<\/div>\n\t\t\t\t\t\t\t\t\t\t\t<div class=\"swiper-slide\">\n\t\t\t\t\t\t\t<a href=\"https:\/\/sindipetrolp.org.br\/memoria\/wp-content\/uploads\/2021\/12\/mauro.jpg\" data-elementor-open-lightbox=\"yes\" data-elementor-lightbox-slideshow=\"489fadf\" data-elementor-lightbox-title=\"Mauro da Cunha, preso por participar da resist\u00eancia ao golpe na RPBC\" data-elementor-lightbox-video=\"https:\/\/www.youtube.com\/embed\/4S9zKdHZFd4?feature=oembed&amp;autoplay=1&amp;rel=0&amp;controls=0\">\t\t<div class=\"elementor-carousel-image\" style=\"background-image: url(https:\/\/sindipetrolp.org.br\/memoria\/wp-content\/uploads\/2021\/12\/mauro.jpg)\">\n\t\t\t\t\t\t\t<div class=\"elementor-custom-embed-play\">\n\t\t\t\t\t<i aria-hidden=\"true\" class=\"eicon-play\"><\/i>\t\t\t\t\t<span class=\"elementor-screen-only\">Play<\/span>\n\t\t\t\t<\/div>\n\t\t\t\t\t<\/div>\n\t\t\t\t\t<div class=\"elementor-carousel-image-overlay e-overlay-animation-fade\">\n\t\t\t\tMauro da Cunha, preso por participar da resist\u00eancia ao golpe na RPBC\t\t\t<\/div>\n\t\t\t<\/a>\t\t\t\t\t\t<\/div>\n\t\t\t\t\t\t\t\t\t\t\t<div class=\"swiper-slide\">\n\t\t\t\t\t\t\t<a href=\"https:\/\/sindipetrolp.org.br\/memoria\/wp-content\/uploads\/2021\/12\/joseg.jpg\" data-elementor-open-lightbox=\"yes\" data-elementor-lightbox-slideshow=\"489fadf\" data-elementor-lightbox-title=\"Jos\u00e9 Gon\u00e7alves, pe\u00e7a-chave da categoria no p\u00f3s-golpe\" data-elementor-lightbox-video=\"https:\/\/www.youtube.com\/embed\/Meh6DssIa9Y?feature=oembed&amp;autoplay=1&amp;rel=0&amp;controls=0\">\t\t<div class=\"elementor-carousel-image\" style=\"background-image: url(https:\/\/sindipetrolp.org.br\/memoria\/wp-content\/uploads\/2021\/12\/joseg.jpg)\">\n\t\t\t\t\t\t\t<div class=\"elementor-custom-embed-play\">\n\t\t\t\t\t<i aria-hidden=\"true\" class=\"eicon-play\"><\/i>\t\t\t\t\t<span class=\"elementor-screen-only\">Play<\/span>\n\t\t\t\t<\/div>\n\t\t\t\t\t<\/div>\n\t\t\t\t\t<div class=\"elementor-carousel-image-overlay e-overlay-animation-fade\">\n\t\t\t\tJos\u00e9 Gon\u00e7alves, pe\u00e7a-chave da categoria no p\u00f3s-golpe\t\t\t<\/div>\n\t\t\t<\/a>\t\t\t\t\t\t<\/div>\n\t\t\t\t\t\t\t\t\t\t\t<div class=\"swiper-slide\">\n\t\t\t\t\t\t\t<a href=\"https:\/\/sindipetrolp.org.br\/memoria\/wp-content\/uploads\/2021\/12\/rivaldoramos.jpg\" data-elementor-open-lightbox=\"yes\" data-elementor-lightbox-slideshow=\"489fadf\" data-elementor-lightbox-title=\"Rivaldo Ramos - ontem, hoje e sempre pela Petrobr\u00e1s e pelo Brasil\" data-elementor-lightbox-video=\"https:\/\/www.youtube.com\/embed\/JF5H1fUAVN4?feature=oembed&amp;autoplay=1&amp;rel=0&amp;controls=0\">\t\t<div class=\"elementor-carousel-image\" style=\"background-image: url(https:\/\/sindipetrolp.org.br\/memoria\/wp-content\/uploads\/2021\/12\/rivaldoramos.jpg)\">\n\t\t\t\t\t\t\t<div class=\"elementor-custom-embed-play\">\n\t\t\t\t\t<i aria-hidden=\"true\" class=\"eicon-play\"><\/i>\t\t\t\t\t<span class=\"elementor-screen-only\">Play<\/span>\n\t\t\t\t<\/div>\n\t\t\t\t\t<\/div>\n\t\t\t\t\t<div class=\"elementor-carousel-image-overlay e-overlay-animation-fade\">\n\t\t\t\tRivaldo Ramos - ontem, hoje e sempre pela Petrobr\u00e1s e pelo Brasil\t\t\t<\/div>\n\t\t\t<\/a>\t\t\t\t\t\t<\/div>\n\t\t\t\t\t\t\t\t\t\t\t<div class=\"swiper-slide\">\n\t\t\t\t\t\t\t<a href=\"https:\/\/sindipetrolp.org.br\/memoria\/wp-content\/uploads\/2021\/12\/vicentaox.jpg\" data-elementor-open-lightbox=\"yes\" data-elementor-lightbox-slideshow=\"489fadf\" data-elementor-lightbox-title=\"Vicent\u00e3o, vida dedicada \u00e0 luta oper\u00e1ria e do campo\" data-elementor-lightbox-video=\"https:\/\/www.youtube.com\/embed\/sL6lLMlkVmo?feature=oembed&amp;autoplay=1&amp;rel=0&amp;controls=0\">\t\t<div class=\"elementor-carousel-image\" style=\"background-image: url(https:\/\/sindipetrolp.org.br\/memoria\/wp-content\/uploads\/2021\/12\/vicentaox.jpg)\">\n\t\t\t\t\t\t\t<div class=\"elementor-custom-embed-play\">\n\t\t\t\t\t<i aria-hidden=\"true\" class=\"eicon-play\"><\/i>\t\t\t\t\t<span class=\"elementor-screen-only\">Play<\/span>\n\t\t\t\t<\/div>\n\t\t\t\t\t<\/div>\n\t\t\t\t\t<div class=\"elementor-carousel-image-overlay e-overlay-animation-fade\">\n\t\t\t\tVicent\u00e3o, vida dedicada \u00e0 luta oper\u00e1ria e do campo\t\t\t<\/div>\n\t\t\t<\/a>\t\t\t\t\t\t<\/div>\n\t\t\t\t\t\t\t\t\t\t\t<div class=\"swiper-slide\">\n\t\t\t\t\t\t\t<a href=\"https:\/\/sindipetrolp.org.br\/memoria\/wp-content\/uploads\/2021\/12\/aaveraldo.jpg\" data-elementor-open-lightbox=\"yes\" data-elementor-lightbox-slideshow=\"489fadf\" data-elementor-lightbox-title=\"Averaldo, presidente do Sindicato na hist\u00f3rica greve de 1995\" data-elementor-lightbox-video=\"https:\/\/www.youtube.com\/embed\/nC2_wcwuths?feature=oembed&amp;autoplay=1&amp;rel=0&amp;controls=0\">\t\t<div class=\"elementor-carousel-image\" style=\"background-image: url(https:\/\/sindipetrolp.org.br\/memoria\/wp-content\/uploads\/2021\/12\/aaveraldo.jpg)\">\n\t\t\t\t\t\t\t<div class=\"elementor-custom-embed-play\">\n\t\t\t\t\t<i aria-hidden=\"true\" class=\"eicon-play\"><\/i>\t\t\t\t\t<span class=\"elementor-screen-only\">Play<\/span>\n\t\t\t\t<\/div>\n\t\t\t\t\t<\/div>\n\t\t\t\t\t<div class=\"elementor-carousel-image-overlay e-overlay-animation-fade\">\n\t\t\t\tAveraldo, presidente do Sindicato na hist\u00f3rica greve de 1995\t\t\t<\/div>\n\t\t\t<\/a>\t\t\t\t\t\t<\/div>\n\t\t\t\t\t\t\t\t\t\t\t<div class=\"swiper-slide\">\n\t\t\t\t\t\t\t<a href=\"https:\/\/sindipetrolp.org.br\/memoria\/wp-content\/uploads\/2021\/12\/telmas.jpg\" data-elementor-open-lightbox=\"yes\" data-elementor-lightbox-slideshow=\"489fadf\" data-elementor-lightbox-title=\"Telma de Souza, solidariedade \u00e0 greve de 1995\" data-elementor-lightbox-video=\"https:\/\/www.youtube.com\/embed\/eZAvZowi_rI?feature=oembed&amp;autoplay=1&amp;rel=0&amp;controls=0\">\t\t<div class=\"elementor-carousel-image\" style=\"background-image: url(https:\/\/sindipetrolp.org.br\/memoria\/wp-content\/uploads\/2021\/12\/telmas.jpg)\">\n\t\t\t\t\t\t\t<div class=\"elementor-custom-embed-play\">\n\t\t\t\t\t<i aria-hidden=\"true\" class=\"eicon-play\"><\/i>\t\t\t\t\t<span class=\"elementor-screen-only\">Play<\/span>\n\t\t\t\t<\/div>\n\t\t\t\t\t<\/div>\n\t\t\t\t\t<div class=\"elementor-carousel-image-overlay e-overlay-animation-fade\">\n\t\t\t\tTelma de Souza, solidariedade \u00e0 greve de 1995\t\t\t<\/div>\n\t\t\t<\/a>\t\t\t\t\t\t<\/div>\n\t\t\t\t\t\t\t\t\t\t\t<div class=\"swiper-slide\">\n\t\t\t\t\t\t\t<a href=\"https:\/\/sindipetrolp.org.br\/memoria\/wp-content\/uploads\/2021\/12\/wilsong.jpg\" data-elementor-open-lightbox=\"yes\" data-elementor-lightbox-slideshow=\"489fadf\" data-elementor-lightbox-title=\"Wilson Gomes, ex-coordenador-geral do Sindipetro\" data-elementor-lightbox-video=\"https:\/\/www.youtube.com\/embed\/mw2zPmQEnSI?feature=oembed&amp;autoplay=1&amp;rel=0&amp;controls=0\">\t\t<div class=\"elementor-carousel-image\" style=\"background-image: url(https:\/\/sindipetrolp.org.br\/memoria\/wp-content\/uploads\/2021\/12\/wilsong.jpg)\">\n\t\t\t\t\t\t\t<div class=\"elementor-custom-embed-play\">\n\t\t\t\t\t<i aria-hidden=\"true\" class=\"eicon-play\"><\/i>\t\t\t\t\t<span class=\"elementor-screen-only\">Play<\/span>\n\t\t\t\t<\/div>\n\t\t\t\t\t<\/div>\n\t\t\t\t\t<div class=\"elementor-carousel-image-overlay e-overlay-animation-fade\">\n\t\t\t\tWilson Gomes, ex-coordenador-geral do Sindipetro\t\t\t<\/div>\n\t\t\t<\/a>\t\t\t\t\t\t<\/div>\n\t\t\t\t\t\t\t\t\t\t\t<div class=\"swiper-slide\">\n\t\t\t\t\t\t\t<a href=\"https:\/\/sindipetrolp.org.br\/memoria\/wp-content\/uploads\/2021\/12\/esatochi.jpg\" data-elementor-open-lightbox=\"yes\" data-elementor-lightbox-slideshow=\"489fadf\" data-elementor-lightbox-title=\"Edson Satochi, da Articula\u00e7\u00e3o para a FNP\" data-elementor-lightbox-video=\"https:\/\/www.youtube.com\/embed\/2S6wNXTnMC4?feature=oembed&amp;autoplay=1&amp;rel=0&amp;controls=0\">\t\t<div class=\"elementor-carousel-image\" style=\"background-image: url(https:\/\/sindipetrolp.org.br\/memoria\/wp-content\/uploads\/2021\/12\/esatochi.jpg)\">\n\t\t\t\t\t\t\t<div class=\"elementor-custom-embed-play\">\n\t\t\t\t\t<i aria-hidden=\"true\" class=\"eicon-play\"><\/i>\t\t\t\t\t<span class=\"elementor-screen-only\">Play<\/span>\n\t\t\t\t<\/div>\n\t\t\t\t\t<\/div>\n\t\t\t\t\t<div class=\"elementor-carousel-image-overlay e-overlay-animation-fade\">\n\t\t\t\tEdson Satochi, da Articula\u00e7\u00e3o para a FNP\t\t\t<\/div>\n\t\t\t<\/a>\t\t\t\t\t\t<\/div>\n\t\t\t\t\t\t\t\t\t<\/div>\n\t\t\t\t\t\t\t\t\t\t\t\t\t\t\t<div class=\"swiper-pagination\"><\/div>\n\t\t\t\t\t\t\t\t\t\t\t\t\t\t\t\t<div class=\"elementor-swiper-button elementor-swiper-button-prev\">\n\t\t\t\t\t\t\t<i aria-hidden=\"true\" class=\"eicon-chevron-left\"><\/i>\t\t\t\t\t\t\t<span class=\"elementor-screen-only\">Previous<\/span>\n\t\t\t\t\t\t<\/div>\n\t\t\t\t\t\t<div class=\"elementor-swiper-button elementor-swiper-button-next\">\n\t\t\t\t\t\t\t<i aria-hidden=\"true\" class=\"eicon-chevron-right\"><\/i>\t\t\t\t\t\t\t<span class=\"elementor-screen-only\">Next<\/span>\n\t\t\t\t\t\t<\/div>\n\t\t\t\t\t\t\t\t\t\t\t\t<\/div>\n\t\t<\/div>\n\t\t\t\t<\/div>\n\t\t\t\t<\/div>\n\t\t\t\t\t\t<\/div>\n\t\t\t\t\t<\/div>\n\t\t<\/div>\n\t\t\t\t\t\t\t\t<\/div>\n\t\t\t\t\t<\/div>\n\t\t<\/section>\n\t\t\t\t\t\t<\/div>\n\t\t\t\t\t\t<\/div>\n\t\t\t\t\t<\/div>\n\t\t","protected":false},"excerpt":{"rendered":"<p>Play &#8216;Zangado&#8217;, fundador do Sindicato no Tebar Play Ubirajara Franco, fundador do Sindipetro-LP preso pela ditadura Play Mauro da Cunha, preso por participar da resist\u00eancia ao golpe na RPBC Play Jos\u00e9 Gon\u00e7alves, pe\u00e7a-chave da categoria no p\u00f3s-golpe Play Rivaldo Ramos &#8211; ontem, hoje e sempre pela Petrobr\u00e1s e pelo Brasil Play Vicent\u00e3o, vida dedicada \u00e0 [&hellip;]<\/p>\n","protected":false},"author":1,"featured_media":961,"parent":0,"menu_order":0,"comment_status":"closed","ping_status":"closed","template":"elementor_theme","meta":[],"acf":[],"_links":{"self":[{"href":"https:\/\/sindipetrolp.org.br\/memoria\/wp-json\/wp\/v2\/pages\/202"}],"collection":[{"href":"https:\/\/sindipetrolp.org.br\/memoria\/wp-json\/wp\/v2\/pages"}],"about":[{"href":"https:\/\/sindipetrolp.org.br\/memoria\/wp-json\/wp\/v2\/types\/page"}],"author":[{"embeddable":true,"href":"https:\/\/sindipetrolp.org.br\/memoria\/wp-json\/wp\/v2\/users\/1"}],"replies":[{"embeddable":true,"href":"https:\/\/sindipetrolp.org.br\/memoria\/wp-json\/wp\/v2\/comments?post=202"}],"version-history":[{"count":25,"href":"https:\/\/sindipetrolp.org.br\/memoria\/wp-json\/wp\/v2\/pages\/202\/revisions"}],"predecessor-version":[{"id":1244,"href":"https:\/\/sindipetrolp.org.br\/memoria\/wp-json\/wp\/v2\/pages\/202\/revisions\/1244"}],"wp:featuredmedia":[{"embeddable":true,"href":"https:\/\/sindipetrolp.org.br\/memoria\/wp-json\/wp\/v2\/media\/961"}],"wp:attachment":[{"href":"https:\/\/sindipetrolp.org.br\/memoria\/wp-json\/wp\/v2\/media?parent=202"}],"curies":[{"name":"wp","href":"https:\/\/api.w.org\/{rel}","templated":true}]}}